{"id":80,"date":"2018-07-25T17:03:16","date_gmt":"2018-07-25T17:03:16","guid":{"rendered":"https:\/\/sistemas.myjobits.com\/index.php\/services\/"},"modified":"2023-07-04T16:30:38","modified_gmt":"2023-07-04T16:30:38","slug":"servicios-y-partners","status":"publish","type":"page","link":"http:\/\/sistemasyaccesorios.com\/index.php\/servicios-y-partners\/","title":{"rendered":"Servicios y Partners"},"content":{"rendered":"\t\t<div data-elementor-type=\"wp-post\" data-elementor-id=\"80\" class=\"elementor elementor-80\" data-elementor-post-type=\"page\">\n\t\t\t\t\t\t<section class=\"elementor-section elementor-top-section elementor-element elementor-element-765cf54 elementor-section-boxed elementor-section-height-default elementor-section-height-default\" data-id=\"765cf54\" data-element_type=\"section\" data-e-type=\"section\">\n\t\t\t\t\t\t<div class=\"elementor-container elementor-column-gap-wider\">\n\t\t\t\t\t<div class=\"aux-parallax-section elementor-column elementor-col-100 elementor-top-column elementor-element elementor-element-00532fb\" data-id=\"00532fb\" data-element_type=\"column\" data-e-type=\"column\">\n\t\t\t<div class=\"elementor-widget-wrap elementor-element-populated\">\n\t\t\t\t\t\t<div class=\"elementor-element elementor-element-a48fd81 aux-appear-watch-animation aux-fade-in-right elementor-widget elementor-widget-aux_modern_heading\" data-id=\"a48fd81\" data-element_type=\"widget\" data-e-type=\"widget\" data-widget_type=\"aux_modern_heading.default\">\n\t\t\t\t<div class=\"elementor-widget-container\">\n\t\t\t\t\t<section class=\"aux-widget-modern-heading\">\n            <div class=\"aux-widget-inner\"><h2 class=\"aux-modern-heading-primary\">Nuestras Marcas Aliadas<\/h2><\/div>\n        <\/section>\t\t\t\t<\/div>\n\t\t\t\t<\/div>\n\t\t\t\t\t<\/div>\n\t\t<\/div>\n\t\t\t\t\t<\/div>\n\t\t<\/section>\n\t\t\t\t<section class=\"elementor-section elementor-top-section elementor-element elementor-element-739d782 elementor-section-content-top elementor-reverse-mobile elementor-section-boxed elementor-section-height-default elementor-section-height-default\" data-id=\"739d782\" data-element_type=\"section\" data-e-type=\"section\" data-settings=\"{&quot;background_background&quot;:&quot;classic&quot;}\">\n\t\t\t\t\t\t<div class=\"elementor-container elementor-column-gap-wider\">\n\t\t\t\t\t<div class=\"aux-parallax-section elementor-column elementor-col-50 elementor-top-column elementor-element elementor-element-8a9b3c2\" data-id=\"8a9b3c2\" data-element_type=\"column\" data-e-type=\"column\">\n\t\t\t<div class=\"elementor-widget-wrap elementor-element-populated\">\n\t\t\t\t\t\t<div class=\"elementor-element elementor-element-e00de2b aux-appear-watch-animation aux-fade-in-up elementor-widget elementor-widget-aux_modern_heading\" data-id=\"e00de2b\" data-element_type=\"widget\" data-e-type=\"widget\" data-widget_type=\"aux_modern_heading.default\">\n\t\t\t\t<div class=\"elementor-widget-container\">\n\t\t\t\t\t<section class=\"aux-widget-modern-heading\">\n            <div class=\"aux-widget-inner\"><h2 class=\"aux-modern-heading-primary\">Nuestros Partners<\/h2><h3 class=\"aux-modern-heading-secondary\"><span class=\"aux-head-before\">Los mejores aliados, mejor calidad en servicio y calidad<\/span><\/h3><div class=\"aux-modern-heading-description\"><p>Descubre a tus mejores aliados en el mundo de las soluciones tecnol\u00f3gicas. En nuestra empresa, nos enorgullece ofrecerte no solo la mejor calidad en servicio, sino tambi\u00e9n la calidad indiscutible que necesitas para impulsar tu negocio hacia el \u00e9xito.<\/p><p>Sabemos lo importante que es contar con aliados confiables y s\u00f3lidos en el \u00e1mbito tecnol\u00f3gico. Por eso, hemos reunido un equipo de expertos apasionados y comprometidos que estar\u00e1n a tu disposici\u00f3n en todo momento para brindarte soluciones personalizadas, innovadoras y eficientes.<\/p><\/div><\/div>\n        <\/section>\t\t\t\t<\/div>\n\t\t\t\t<\/div>\n\t\t\t\t\t<\/div>\n\t\t<\/div>\n\t\t\t\t<div class=\"aux-parallax-section elementor-column elementor-col-50 elementor-top-column elementor-element elementor-element-06a3a96\" data-id=\"06a3a96\" data-element_type=\"column\" data-e-type=\"column\">\n\t\t\t<div class=\"elementor-widget-wrap elementor-element-populated\">\n\t\t\t\t\t\t<div class=\"elementor-element elementor-element-07e35d4 aux-appear-watch-animation aux-scale-down elementor-widget elementor-widget-aux_image\" data-id=\"07e35d4\" data-element_type=\"widget\" data-e-type=\"widget\" data-widget_type=\"aux_image.default\">\n\t\t\t\t<div class=\"elementor-widget-container\">\n\t\t\t\t\t<section class=\"widget-container aux-widget-image aux-alignnone aux-parent-aue5630af1\">\n    <div class=\"aux-media-hint-frame \">\n        <div class=\"aux-media-image \" >\n        \n            \n\n            \n            <img fetchpriority=\"high\" decoding=\"async\" width=\"784\" height=\"729\" src=\"data:image\/gif;base64,R0lGODlhAQABAIAAAAAAAP\/\/\/yH5BAEAAAAALAAAAAABAAEAAAIBRAA7\" class=\"aux-attachment aux-featured-image aux-attachment-id-237 aux-preload aux-blank\" alt=\"ofice\" data-ratio=\"1.08\" data-original-w=\"1024\" sizes=\"auto\" data-srcset=\"http:\/\/sistemasyaccesorios.com\/wp-content\/uploads\/2023\/07\/ofice-150x139.webp 150w,http:\/\/sistemasyaccesorios.com\/wp-content\/uploads\/2023\/07\/ofice-300x279.webp 300w,http:\/\/sistemasyaccesorios.com\/wp-content\/uploads\/2023\/07\/ofice-768x714.webp 768w,http:\/\/sistemasyaccesorios.com\/wp-content\/uploads\/2023\/07\/ofice-784x729.webp 784w\" data-src=\"http:\/\/sistemasyaccesorios.com\/wp-content\/uploads\/2023\/07\/ofice-784x729.webp\" \/>            \n                <\/div>\n    <\/div>\n\n<\/section><!-- widget-container -->\t\t\t\t<\/div>\n\t\t\t\t<\/div>\n\t\t\t\t<div class=\"elementor-element elementor-element-3f9511f elementor-widget elementor-widget-aux_modern_button\" data-id=\"3f9511f\" data-element_type=\"widget\" data-e-type=\"widget\" data-widget_type=\"aux_modern_button.default\">\n\t\t\t\t<div class=\"elementor-widget-container\">\n\t\t\t\t\t    <div class=\"aux-modern-button-wrapper aux-modern-button-align-left\" >\n                    <a class=\"aux-modern-button aux-black aux-modern-button-md aux-modern-button-normal aux-modern-button-default aux-icon-\">\n                <div class=\"aux-overlay\"><\/div>\n                                    <div class=\"aux-icon \">\n                                            <\/div>\n                                <div class=\"aux-text\">\n<span class=\"aux-text-before\">SOLICIAR ASESORIA<\/span>                <\/div>\n            <\/a>\n            \n    <\/div>\n\n    \t\t\t\t<\/div>\n\t\t\t\t<\/div>\n\t\t\t\t\t<\/div>\n\t\t<\/div>\n\t\t\t\t\t<\/div>\n\t\t<\/section>\n\t\t\t\t<\/div>\n\t\t","protected":false},"excerpt":{"rendered":"<p>Nuestras Marcas Aliadas Nuestros Partners Los mejores aliados, mejor calidad en servicio y calidad Descubre a tus mejores aliados en el mundo de las soluciones tecnol\u00f3gicas. En nuestra empresa, nos enorgullece ofrecerte no solo la mejor calidad en servicio, sino tambi\u00e9n la calidad indiscutible que necesitas para impulsar tu negocio hacia el \u00e9xito. Sabemos lo [&hellip;]<\/p>\n","protected":false},"author":1,"featured_media":0,"parent":0,"menu_order":0,"comment_status":"closed","ping_status":"closed","template":"templates\/page-builder-content.php","meta":{"_joinchat":[],"footnotes":""},"class_list":["post-80","page","type-page","status-publish","hentry"],"_links":{"self":[{"href":"http:\/\/sistemasyaccesorios.com\/index.php\/wp-json\/wp\/v2\/pages\/80","targetHints":{"allow":["GET"]}}],"collection":[{"href":"http:\/\/sistemasyaccesorios.com\/index.php\/wp-json\/wp\/v2\/pages"}],"about":[{"href":"http:\/\/sistemasyaccesorios.com\/index.php\/wp-json\/wp\/v2\/types\/page"}],"author":[{"embeddable":true,"href":"http:\/\/sistemasyaccesorios.com\/index.php\/wp-json\/wp\/v2\/users\/1"}],"replies":[{"embeddable":true,"href":"http:\/\/sistemasyaccesorios.com\/index.php\/wp-json\/wp\/v2\/comments?post=80"}],"version-history":[{"count":13,"href":"http:\/\/sistemasyaccesorios.com\/index.php\/wp-json\/wp\/v2\/pages\/80\/revisions"}],"predecessor-version":[{"id":240,"href":"http:\/\/sistemasyaccesorios.com\/index.php\/wp-json\/wp\/v2\/pages\/80\/revisions\/240"}],"wp:attachment":[{"href":"http:\/\/sistemasyaccesorios.com\/index.php\/wp-json\/wp\/v2\/media?parent=80"}],"curies":[{"name":"wp","href":"https:\/\/api.w.org\/{rel}","templated":true}]}}